{"id":91,"date":"2024-06-02T13:54:28","date_gmt":"2024-06-02T13:54:28","guid":{"rendered":"https:\/\/kassunpalju.fi\/?page_id=91"},"modified":"2024-10-13T14:24:48","modified_gmt":"2024-10-13T14:24:48","slug":"elementor-91","status":"publish","type":"page","link":"https:\/\/kassunpalju.fi\/?page_id=91","title":{"rendered":"Hinnasto"},"content":{"rendered":"\t\t<div data-elementor-type=\"wp-page\" data-elementor-id=\"91\" class=\"elementor elementor-91\">\n\t\t\t\t<div class=\"elementor-element elementor-element-409baab e-flex e-con-boxed e-con e-parent\" data-id=\"409baab\" data-element_type=\"container\" data-e-type=\"container\">\n\t\t\t\t\t<div class=\"e-con-inner\">\n\t\t\t\t<div class=\"elementor-element elementor-element-7faf241 elementor-widget elementor-widget-image\" data-id=\"7faf241\" data-element_type=\"widget\" data-e-type=\"widget\" data-widget_type=\"image.default\">\n\t\t\t\t<div class=\"elementor-widget-container\">\n\t\t\t\t\t\t\t\t\t\t\t\t\t\t\t<img fetchpriority=\"high\" decoding=\"async\" width=\"1024\" height=\"459\" src=\"https:\/\/kassunpalju.fi\/wp-content\/uploads\/2024\/06\/image004-1024x459.jpg\" class=\"attachment-large size-large wp-image-67\" alt=\"\" srcset=\"https:\/\/kassunpalju.fi\/wp-content\/uploads\/2024\/06\/image004-1024x459.jpg 1024w, https:\/\/kassunpalju.fi\/wp-content\/uploads\/2024\/06\/image004-300x134.jpg 300w, https:\/\/kassunpalju.fi\/wp-content\/uploads\/2024\/06\/image004-768x344.jpg 768w, https:\/\/kassunpalju.fi\/wp-content\/uploads\/2024\/06\/image004.jpg 1183w\" sizes=\"(max-width: 1024px) 100vw, 1024px\" \/>\t\t\t\t\t\t\t\t\t\t\t\t\t\t\t<\/div>\n\t\t\t\t<\/div>\n\t\t\t\t\t<\/div>\n\t\t\t\t<\/div>\n\t\t<div class=\"elementor-element elementor-element-9d26cd6 e-flex e-con-boxed e-con e-parent\" data-id=\"9d26cd6\" data-element_type=\"container\" data-e-type=\"container\">\n\t\t\t\t\t<div class=\"e-con-inner\">\n\t\t\t\t<div class=\"elementor-element elementor-element-8eebb4c elementor-widget elementor-widget-text-editor\" data-id=\"8eebb4c\" data-element_type=\"widget\" data-e-type=\"widget\" data-widget_type=\"text-editor.default\">\n\t\t\t\t<div class=\"elementor-widget-container\">\n\t\t\t\t\t\t\t\t\t<h2>Viikonloppu PE-SU &#8211; 249.90\u20ac<\/h2><h2>Juhlapyh\u00e4t, Joulu, UV, P\u00e4\u00e4si\u00e4inen, Vappu, Juhannus &#8211; 299 \u20ac<\/h2><h2>Arkip\u00e4iv\u00e4 MA-TO (24h) &#8211; alk. 99.90\u20ac<\/h2><div>\u00a0<\/div><div>\u00a0<\/div><div>\u00a0<\/div><div>LI<\/div><div>\u00a0<\/div><div><span style=\"color: var(--global-palette3); font-family: var(--global-heading-font-family); font-size: 28px; font-weight: bold; text-align: var(--text-align); background-color: transparent;\">Mik\u00e4li on tarvetta pidemm\u00e4lle ajalle laitattehan lis\u00e4tietoa s\u00e4hk\u00f6postilla\u00a0<\/span><a style=\"font-family: var(--global-heading-font-family); font-size: 28px; font-weight: bold; text-align: var(--text-align);\" href=\"mailto:kassunpalju@gmail.com\" data-linkindex=\"1\">kassunpalju@gmail.com<\/a><\/div>\t\t\t\t\t\t\t\t<\/div>\n\t\t\t\t<\/div>\n\t\t\t\t<div class=\"elementor-element elementor-element-c84dd10 elementor-widget elementor-widget-text-editor\" data-id=\"c84dd10\" data-element_type=\"widget\" data-e-type=\"widget\" data-widget_type=\"text-editor.default\">\n\t\t\t\t<div class=\"elementor-widget-container\">\n\t\t\t\t\t\t\t\t\t<div><span style=\"color: var(--global-palette3); font-family: var(--global-heading-font-family); font-size: 28px; font-weight: bold; text-align: var(--text-align); background-color: transparent;\">&#8211; Nelj\u00e4 uunillista halkoja (1 l\u00e4mmityskerta) 29.90\u20ac<\/span><\/div><div><span style=\"color: var(--global-palette3); font-family: var(--global-heading-font-family); font-size: 28px; font-weight: bold; text-align: var(--text-align); background-color: transparent;\"><strong>&#8211; Paljun kuljetus ja nouto ilmaiseksi 50 km s\u00e4teell\u00e4. <\/strong><\/span><\/div><div><span style=\"color: var(--global-palette3); font-family: var(--global-heading-font-family); font-size: 28px; font-weight: bold; text-align: var(--text-align); background-color: transparent;\"><strong>T\u00e4m\u00e4n j\u00e4lkeen hinta sovitaan asiakkaan kanssa.<\/strong> <\/span><\/div><div>\u00a0<\/div><div><span style=\"color: var(--global-palette3); font-family: var(--global-heading-font-family); font-size: 28px; font-weight: bold; text-align: var(--text-align); background-color: transparent;\">Paljun pesu, desinfiointi 49\u20ac<\/span><br \/><span style=\"color: var(--global-palette3); font-family: var(--global-heading-font-family); font-size: 28px; font-weight: bold; text-align: var(--text-align); background-color: transparent;\"><br \/><\/span><\/div><div>\u00a0<span style=\"color: var(--global-palette3); font-family: var(--global-heading-font-family); font-size: 28px; font-weight: bold; text-align: var(--text-align); background-color: transparent;\">(SIS. ALV 25,5%)<\/span><br \/><span style=\"color: var(--global-palette3); font-family: var(--global-heading-font-family); font-size: 28px; font-weight: bold; text-align: var(--text-align); background-color: transparent;\"><br \/><\/span><\/div><div>\u00a0<\/div><div>\u00a0<\/div><div>\u00a0<\/div><div>\u00a0<\/div><div>\u00a0<\/div><div>1<span style=\"color: var(--global-palette3); font-family: var(--global-heading-font-family); font-size: 28px; font-weight: bold; text-align: var(--text-align); background-color: transparent;\">Herk<\/span><span style=\"color: var(--global-palette3); font-family: var(--global-heading-font-family); font-size: 28px; font-weight: bold; text-align: var(--text-align); background-color: transparent;\">kukori (sis.) 2 pkt makkaraa, Kabanossi, Bratwurst, 2 kpl Coca colaa 0,33, 2 kpl Fanta 0,33, Taffel Sipsit, Fazer sininen suklaa levy, Lehtikuohu (alkoholiton) 45\u20ac<\/span><\/div><div>\u00a0<\/div><div>ff\u00f6<\/div><div>fkg<\/div><div>\u00a0<\/div><div>rt<\/div><div>H<\/div><h2><span style=\"color: #7a7a7a; font-size: 1px; font-weight: 400; text-align: var(--text-align); background-color: transparent;\">ffffffff&#8211;<\/span>(SIS. ALV 14%)<\/h2><div>\u00a0<\/div><div>\u00a0<\/div><div>\u00a0<\/div>\t\t\t\t\t\t\t\t<\/div>\n\t\t\t\t<\/div>\n\t\t\t\t\t<\/div>\n\t\t\t\t<\/div>\n\t\t<div class=\"elementor-element elementor-element-fce81c4 e-flex e-con-boxed e-con e-parent\" data-id=\"fce81c4\" data-element_type=\"container\" data-e-type=\"container\">\n\t\t\t\t\t<div class=\"e-con-inner\">\n\t\t\t\t<div class=\"elementor-element elementor-element-7ebff03 elementor-align-center elementor-widget elementor-widget-button\" data-id=\"7ebff03\" data-element_type=\"widget\" data-e-type=\"widget\" data-widget_type=\"button.default\">\n\t\t\t\t<div class=\"elementor-widget-container\">\n\t\t\t\t\t\t\t\t\t<div class=\"elementor-button-wrapper\">\n\t\t\t\t\t<a class=\"elementor-button elementor-button-link elementor-size-sm\" href=\"https:\/\/kassunpalju.fi\/#con\">\n\t\t\t\t\t\t<span class=\"elementor-button-content-wrapper\">\n\t\t\t\t\t\t\t\t\t<span class=\"elementor-button-text\">Varaukseen t\u00e4st\u00e4<\/span>\n\t\t\t\t\t<\/span>\n\t\t\t\t\t<\/a>\n\t\t\t\t<\/div>\n\t\t\t\t\t\t\t\t<\/div>\n\t\t\t\t<\/div>\n\t\t\t\t\t<\/div>\n\t\t\t\t<\/div>\n\t\t\t\t<\/div>\n\t\t","protected":false},"excerpt":{"rendered":"<p>Viikonloppu PE-SU &#8211; 249.90\u20ac Juhlapyh\u00e4t, Joulu, UV, P\u00e4\u00e4si\u00e4inen, Vappu, Juhannus &#8211; 299 \u20ac Arkip\u00e4iv\u00e4 MA-TO (24h) &#8211; alk. 99.90\u20ac \u00a0\u00a0\u00a0LI\u00a0Mik\u00e4li on tarvetta pidemm\u00e4lle ajalle laitattehan lis\u00e4tietoa s\u00e4hk\u00f6postilla\u00a0kassunpalju@gmail.com&#8211; Nelj\u00e4 uunillista halkoja (1 l\u00e4mmityskerta) 29.90\u20ac&#8211; Paljun kuljetus ja nouto ilmaiseksi 50 km s\u00e4teell\u00e4. T\u00e4m\u00e4n j\u00e4lkeen hinta sovitaan asiakkaan kanssa. \u00a0Paljun pesu, desinfiointi 49\u20ac \u00a0(SIS. ALV 25,5%) \u00a0\u00a0\u00a0\u00a0\u00a01Herkkukori&#8230;<\/p>\n","protected":false},"author":1,"featured_media":0,"parent":0,"menu_order":0,"comment_status":"closed","ping_status":"closed","template":"","meta":{"om_disable_all_campaigns":false,"_monsterinsights_skip_tracking":false,"_monsterinsights_sitenote_active":false,"_monsterinsights_sitenote_note":"","_monsterinsights_sitenote_category":0,"_kad_post_transparent":"","_kad_post_title":"hide","_kad_post_layout":"fullwidth","_kad_post_sidebar_id":"","_kad_post_content_style":"unboxed","_kad_post_vertical_padding":"hide","_kad_post_feature":"hide","_kad_post_feature_position":"","_kad_post_header":false,"_kad_post_footer":false,"_kad_post_classname":"","footnotes":""},"class_list":["post-91","page","type-page","status-publish","hentry"],"_links":{"self":[{"href":"https:\/\/kassunpalju.fi\/index.php?rest_route=\/wp\/v2\/pages\/91","targetHints":{"allow":["GET"]}}],"collection":[{"href":"https:\/\/kassunpalju.fi\/index.php?rest_route=\/wp\/v2\/pages"}],"about":[{"href":"https:\/\/kassunpalju.fi\/index.php?rest_route=\/wp\/v2\/types\/page"}],"author":[{"embeddable":true,"href":"https:\/\/kassunpalju.fi\/index.php?rest_route=\/wp\/v2\/users\/1"}],"replies":[{"embeddable":true,"href":"https:\/\/kassunpalju.fi\/index.php?rest_route=%2Fwp%2Fv2%2Fcomments&post=91"}],"version-history":[{"count":56,"href":"https:\/\/kassunpalju.fi\/index.php?rest_route=\/wp\/v2\/pages\/91\/revisions"}],"predecessor-version":[{"id":320,"href":"https:\/\/kassunpalju.fi\/index.php?rest_route=\/wp\/v2\/pages\/91\/revisions\/320"}],"wp:attachment":[{"href":"https:\/\/kassunpalju.fi\/index.php?rest_route=%2Fwp%2Fv2%2Fmedia&parent=91"}],"curies":[{"name":"wp","href":"https:\/\/api.w.org\/{rel}","templated":true}]}}