{"id":85,"date":"2024-06-02T13:52:13","date_gmt":"2024-06-02T13:52:13","guid":{"rendered":"https:\/\/kassunpalju.fi\/?page_id=85"},"modified":"2024-08-26T16:54:51","modified_gmt":"2024-08-26T16:54:51","slug":"kayttoohjeet-ja-palveluehdot","status":"publish","type":"page","link":"https:\/\/kassunpalju.fi\/?page_id=85","title":{"rendered":"K\u00e4ytt\u00f6ohjeet ja palveluehdot"},"content":{"rendered":"\t\t<div data-elementor-type=\"wp-page\" data-elementor-id=\"85\" class=\"elementor elementor-85\">\n\t\t\t\t<div class=\"elementor-element elementor-element-6b07881 e-flex e-con-boxed e-con e-parent\" data-id=\"6b07881\" data-element_type=\"container\" data-e-type=\"container\" data-settings=\"{&quot;background_background&quot;:&quot;classic&quot;}\">\n\t\t\t\t\t<div class=\"e-con-inner\">\n\t\t\t\t<div class=\"elementor-element elementor-element-3c7c96e elementor-arrows-position-inside elementor-pagination-position-outside elementor-widget elementor-widget-image-carousel\" data-id=\"3c7c96e\" data-element_type=\"widget\" data-e-type=\"widget\" data-settings=\"{&quot;slides_to_show&quot;:&quot;3&quot;,&quot;navigation&quot;:&quot;both&quot;,&quot;autoplay&quot;:&quot;yes&quot;,&quot;pause_on_hover&quot;:&quot;yes&quot;,&quot;pause_on_interaction&quot;:&quot;yes&quot;,&quot;autoplay_speed&quot;:5000,&quot;infinite&quot;:&quot;yes&quot;,&quot;speed&quot;:500}\" data-widget_type=\"image-carousel.default\">\n\t\t\t\t<div class=\"elementor-widget-container\">\n\t\t\t\t\t\t\t<div class=\"elementor-image-carousel-wrapper swiper\" role=\"region\" aria-roledescription=\"carousel\" aria-label=\"Kuvakaruselli\" dir=\"ltr\">\n\t\t\t<div class=\"elementor-image-carousel swiper-wrapper\" aria-live=\"off\">\n\t\t\t\t\t\t\t\t<div class=\"swiper-slide\" role=\"group\" aria-roledescription=\"slide\" aria-label=\"1 of 5\"><figure class=\"swiper-slide-inner\"><img decoding=\"async\" class=\"swiper-slide-image\" src=\"https:\/\/kassunpalju.fi\/wp-content\/uploads\/2024\/06\/image004.jpg\" alt=\"image004\" \/><\/figure><\/div><div class=\"swiper-slide\" role=\"group\" aria-roledescription=\"slide\" aria-label=\"2 of 5\"><figure class=\"swiper-slide-inner\"><img decoding=\"async\" class=\"swiper-slide-image\" src=\"https:\/\/kassunpalju.fi\/wp-content\/uploads\/2024\/06\/kassu3.webp\" alt=\"kassu3\" \/><\/figure><\/div><div class=\"swiper-slide\" role=\"group\" aria-roledescription=\"slide\" aria-label=\"3 of 5\"><figure class=\"swiper-slide-inner\"><img decoding=\"async\" class=\"swiper-slide-image\" src=\"https:\/\/kassunpalju.fi\/wp-content\/uploads\/2024\/06\/kassu4.webp\" alt=\"kassu4\" \/><\/figure><\/div><div class=\"swiper-slide\" role=\"group\" aria-roledescription=\"slide\" aria-label=\"4 of 5\"><figure class=\"swiper-slide-inner\"><img decoding=\"async\" class=\"swiper-slide-image\" src=\"https:\/\/kassunpalju.fi\/wp-content\/uploads\/2024\/06\/kassu-palju.webp\" alt=\"kassu palju\" \/><\/figure><\/div><div class=\"swiper-slide\" role=\"group\" aria-roledescription=\"slide\" aria-label=\"5 of 5\"><figure class=\"swiper-slide-inner\"><img decoding=\"async\" class=\"swiper-slide-image\" src=\"https:\/\/kassunpalju.fi\/wp-content\/uploads\/2024\/06\/kassu2.webp\" alt=\"kassu2\" \/><\/figure><\/div>\t\t\t<\/div>\n\t\t\t\t\t\t\t\t\t\t\t\t<div class=\"elementor-swiper-button elementor-swiper-button-prev\" role=\"button\" tabindex=\"0\">\n\t\t\t\t\t\t<svg aria-hidden=\"true\" class=\"e-font-icon-svg e-eicon-chevron-left\" viewBox=\"0 0 1000 1000\" xmlns=\"http:\/\/www.w3.org\/2000\/svg\"><path d=\"M646 125C629 125 613 133 604 142L308 442C296 454 292 471 292 487 292 504 296 521 308 533L604 854C617 867 629 875 646 875 663 875 679 871 692 858 704 846 713 829 713 812 713 796 708 779 692 767L438 487 692 225C700 217 708 204 708 187 708 171 704 154 692 142 675 129 663 125 646 125Z\"><\/path><\/svg>\t\t\t\t\t<\/div>\n\t\t\t\t\t<div class=\"elementor-swiper-button elementor-swiper-button-next\" role=\"button\" tabindex=\"0\">\n\t\t\t\t\t\t<svg aria-hidden=\"true\" class=\"e-font-icon-svg e-eicon-chevron-right\" viewBox=\"0 0 1000 1000\" xmlns=\"http:\/\/www.w3.org\/2000\/svg\"><path d=\"M696 533C708 521 713 504 713 487 713 471 708 454 696 446L400 146C388 133 375 125 354 125 338 125 325 129 313 142 300 154 292 171 292 187 292 204 296 221 308 233L563 492 304 771C292 783 288 800 288 817 288 833 296 850 308 863 321 871 338 875 354 875 371 875 388 867 400 854L696 533Z\"><\/path><\/svg>\t\t\t\t\t<\/div>\n\t\t\t\t\n\t\t\t\t\t\t\t\t\t<div class=\"swiper-pagination\"><\/div>\n\t\t\t\t\t\t\t\t\t<\/div>\n\t\t\t\t\t\t<\/div>\n\t\t\t\t<\/div>\n\t\t\t\t\t<\/div>\n\t\t\t\t<\/div>\n\t\t\t\t<section class=\"elementor-section elementor-top-section elementor-element elementor-element-3ffb7508 elementor-section-stretched elementor-section-full_width elementor-section-height-default elementor-section-height-default\" data-id=\"3ffb7508\" data-element_type=\"section\" data-e-type=\"section\" id=\"xs_faq_6\" data-settings=\"{&quot;background_background&quot;:&quot;classic&quot;,&quot;stretch_section&quot;:&quot;section-stretched&quot;}\">\n\t\t\t\t\t\t<div class=\"elementor-container elementor-column-gap-no\">\n\t\t\t\t\t<div class=\"elementor-column elementor-col-33 elementor-top-column elementor-element elementor-element-3367a47b\" data-id=\"3367a47b\" data-element_type=\"column\" data-e-type=\"column\">\n\t\t\t<div class=\"elementor-widget-wrap\">\n\t\t\t\t\t\t\t<\/div>\n\t\t<\/div>\n\t\t\t\t<div class=\"elementor-column elementor-col-33 elementor-top-column elementor-element elementor-element-1386e47c\" data-id=\"1386e47c\" data-element_type=\"column\" data-e-type=\"column\">\n\t\t\t<div class=\"elementor-widget-wrap elementor-element-populated\">\n\t\t\t\t\t\t<div class=\"elementor-element elementor-element-1317bdda elementor-widget elementor-widget-elementskit-heading\" data-id=\"1317bdda\" data-element_type=\"widget\" data-e-type=\"widget\" data-widget_type=\"elementskit-heading.default\">\n\t\t\t\t<div class=\"elementor-widget-container\">\n\t\t\t\t\t<div class=\"ekit-wid-con\" ><div class=\"ekit-heading elementskit-section-title-wraper text_left   ekit_heading_tablet-   ekit_heading_mobile-\"><h2 class=\"ekit-heading--title elementskit-section-title \">PALJUK\u00c4RRYN VUOKRAUS- JA K\u00c4YTT\u00d6OHJEET<\/h2><div class=\"ekit_heading_separetor_wraper ekit_heading_elementskit-border-divider ekit-dotted\"><div class=\"elementskit-border-divider ekit-dotted\"><\/div><\/div>\t\t\t\t<div class='ekit-heading__description'>\n\t\t\t\t\t<p><span style=\"font-weight: 400\">Lue n\u00e4m\u00e4 huolella!<\/span><\/p>\n\t\t\t\t<\/div>\n\t\t\t<\/div><\/div>\t\t\t\t<\/div>\n\t\t\t\t<\/div>\n\t\t\t\t<section class=\"elementor-section elementor-inner-section elementor-element elementor-element-122fdc36 elementor-section-full_width elementor-section-height-default elementor-section-height-default\" data-id=\"122fdc36\" data-element_type=\"section\" data-e-type=\"section\">\n\t\t\t\t\t\t<div class=\"elementor-container elementor-column-gap-no\">\n\t\t\t\t\t<div class=\"elementor-column elementor-col-100 elementor-inner-column elementor-element elementor-element-642a9ba2\" data-id=\"642a9ba2\" data-element_type=\"column\" data-e-type=\"column\">\n\t\t\t<div class=\"elementor-widget-wrap elementor-element-populated\">\n\t\t\t\t\t\t<div class=\"elementor-element elementor-element-e62365e elementor-widget__width-initial elementor-widget elementor-widget-elementskit-faq\" data-id=\"e62365e\" data-element_type=\"widget\" data-e-type=\"widget\" data-widget_type=\"elementskit-faq.default\">\n\t\t\t\t<div class=\"elementor-widget-container\">\n\t\t\t\t\t<div class=\"ekit-wid-con\" >\n                <div class=\"elementskit-single-faq elementor-repeater-item-933ec5b\">\n            <div class=\"elementskit-faq-header\">\n                <h2 class=\"elementskit-faq-title\">YLEIST\u00c4<\/h2>\n            <\/div>\n            <div class=\"elementskit-faq-body\">\n                - Paljuun mahtuu yht\u00e4aikaisesti 8\u201310 henkil\u00f6\u00e4<br>\n- Paljussa on poretoiminto, LED valot sek\u00e4 l\u00e4mp\u00f6kansi<br>\n- Paljuun mahtuu noin 1600 litraa vett\u00e4<br>\n- Veden l\u00e4mmitysaika on noin 2\u20134 h riippuen l\u00e4mmityspuista ja ilmanl\u00e4mp\u00f6tilasta            <\/div>\n        <\/div>\n                <div class=\"elementskit-single-faq elementor-repeater-item-b2cc0e1\">\n            <div class=\"elementskit-faq-header\">\n                <h2 class=\"elementskit-faq-title\">MIT\u00c4 SIN\u00c4 TARVITSET<\/h2>\n            <\/div>\n            <div class=\"elementskit-faq-body\">\n                - Paljuk\u00e4rryn vet\u00e4minen autolla vaatii B ajokortin<br>\n- L\u00e4mmityspuita<br>\n- Vett\u00e4 sek\u00e4 t\u00e4ytt\u00f6letkun<br>\n- Ensi sammutusv\u00e4lineet            <\/div>\n        <\/div>\n                <div class=\"elementskit-single-faq elementor-repeater-item-83f844a\">\n            <div class=\"elementskit-faq-header\">\n                <h2 class=\"elementskit-faq-title\">VUOKRAUS &amp; KULJETUS<\/h2>\n            <\/div>\n            <div class=\"elementskit-faq-body\">\n                Paljuk\u00e4rryn nouto- ja palautusosoite on; Neste K-Sipoonlahti\nAvaimen nouto &amp; palautus sovitaan erikseen\n<br>\nPaljuk\u00e4rryn voi noutaa klo 7.00 alkaen vuokrausp\u00e4iv\u00e4n\u00e4 ja se tulee palauttaa viimeist\u00e4\u00e4n klo 22.00 viimeisen\u00e4 vuokrap\u00e4iv\u00e4n\u00e4.<br>\nMaksamalla paljuper\u00e4k\u00e4rry vuokrasta hyv\u00e4ksyt vuokraehtosopimuksen.<br>\nPaljuk\u00e4rryn vuokraus tapahtuu t\u00e4ytt\u00e4m\u00e4ll\u00e4 yhteystietolomakkeen, jolloin laitamme varausvahvistuksen antamaasi s\u00e4hk\u00f6postiin ja sovitaan maksusta.<br>\nOngelmatilanteissa voi olla yhteydess\u00e4 kassunpalju@gmail.com jolloin autamme varauksessa.<br>\nPaljuk\u00e4rry\u00e4 tulee kuljettaa turvallisesti sek\u00e4 huomioiden ettei tuote vaurioidu.<br>\nPaljuk\u00e4rry\u00e4 ei saa siirt\u00e4\u00e4\/kuljettaa silloin kun siin\u00e4 on vett\u00e4.            <\/div>\n        <\/div>\n                <div class=\"elementskit-single-faq elementor-repeater-item-b5b166a\">\n            <div class=\"elementskit-faq-header\">\n                <h2 class=\"elementskit-faq-title\">PALJUN K\u00c4YTT\u00d6\u00d6NOTTO<\/h2>\n            <\/div>\n            <div class=\"elementskit-faq-body\">\n                (Pohjatulppa, metalliveivi tukijaloille, l\u00e4mp\u00f6mittari sek\u00e4 kloori aine sijaitsee edest\u00e4 katsottuna paljun oikealla puolella olevasta luukusta)\nPaljuk\u00e4rry tulee sijoittaa tasaiselle alustalle.<br>\nEnnen paljun t\u00e4ytt\u00f6\u00e4 varmista, ett\u00e4 palju on puhdas, pohjatulppa on paikoillaan sek\u00e4 kamiinan alareunassa oleva veden tyhjennystulppa on tukevasti kiinni.<br>\nPaljussa t\u00e4ytett\u00e4ess\u00e4 pid\u00e4 palju vaaka-asennossa nokkapy\u00f6r\u00e4n korkeutta v\u00e4lill\u00e4 s\u00e4\u00e4t\u00e4m\u00e4ll\u00e4.<br>\nKun vesi on istuintason yl\u00e4puolella (t\u00e4ll\u00f6in renkaat ja jousitus ottavat osan massasta vastaan) voidaan ruuvata (mukana olevalla veivill\u00e4) alustassa olevat tukitangot (5kpl) kevyesti maata vasten huomioiden, ett\u00e4 palju tulee olla koko ajan vaakaa asennossa (k\u00e4yt\u00e4 tarvittaessa tukilevyj\u00e4 tukitankojen alla).<br>\nT\u00e4ss\u00e4 vaiheessa nokkapy\u00f6r\u00e4 nostetaan yl\u00f6s. Lis\u00e4\u00e4 tarvittava vesim\u00e4\u00e4r\u00e4.<br>\nHuomioi ett\u00e4 vesi paljussa ja kamiinassa ei saa p\u00e4\u00e4st\u00e4 j\u00e4\u00e4tym\u00e4\u00e4n talvella.<br>\nMik\u00e4li kamiinan vesi on j\u00e4\u00e4tynyt, kamiinaa ei saa sytytt\u00e4\u00e4!<br>\nHalutessasi voit yhdist\u00e4\u00e4 paljussa olevaan pistokkeeseen (paljun ja kamiinan v\u00e4liss\u00e4 vasemmalla olevan luukun takana) verkkovirran (230 V) jolloin voit k\u00e4ytt\u00e4\u00e4 porej\u00e4rjestelm\u00e4\u00e4 (pakkasella poretoimintoa ei tulisi k\u00e4ytt\u00e4\u00e4, j\u00e4\u00e4tymisvaara) sek\u00e4 LED valoja paljun yl\u00e4reunassa olevista katkaisijoista (2kpl).            <\/div>\n        <\/div>\n                <div class=\"elementskit-single-faq elementor-repeater-item-5325c5f\">\n            <div class=\"elementskit-faq-header\">\n                <h2 class=\"elementskit-faq-title\"> VEDEN L\u00c4MITT\u00c4MINEN<\/h2>\n            <\/div>\n            <div class=\"elementskit-faq-body\">\n                Ennen kamiinan sytytt\u00e4mist\u00e4, laita 2 osainen savupiippu (kamiinan takana olevalta sein\u00e4lt\u00e4) paikoilleen ja huolehdi ettei l\u00e4hell\u00e4 ole mit\u00e4\u00e4n syttyv\u00e4\u00e4 materiaalia.<br>\nKamiinan saa sytytt\u00e4\u00e4 vasta kun vesi on paljussa olevan ylemm\u00e4n vesiputkien yl\u00e4reunan yl\u00e4puolella.<br>\n\u00c4l\u00e4 l\u00e4mmit\u00e4 paljun vett\u00e4 yli +40\u00b0C asteen l\u00e4mp\u00f6tilaan (suositus +35 - +38\u00b0C).            <\/div>\n        <\/div>\n                <div class=\"elementskit-single-faq elementor-repeater-item-aff4798\">\n            <div class=\"elementskit-faq-header\">\n                <h2 class=\"elementskit-faq-title\">VEDEN TYHJENT\u00c4MINEN PALJUSTA<\/h2>\n            <\/div>\n            <div class=\"elementskit-faq-body\">\n                Huomioi turvallinen paikka veden tyhjennykselle!<br>\nKylpytynnyrin voi tyhjent\u00e4\u00e4 vedest\u00e4 vasta sitten kuin tuli kamiinassa on sammunut ja hiillos t\u00e4ydellisesti hiipunut.<br>\nSaadaksesi veden tyhjennetty\u00e4 t\u00e4ysin paljusta, nosta etummaisia tukijalkoja (3kpl) n. 5 cm ylemm\u00e4ksi.<br>\nKylpytynnyrin tyhjent\u00e4misen j\u00e4lkeen k\u00e4ynnist\u00e4 porej\u00e4rjestelm\u00e4 viel\u00e4 hetkeksi, jotta putkistossa oleva vesi poistuu kokonaan, t\u00e4m\u00e4 on erityisen t\u00e4rke\u00e4\u00e4 talvella putkien j\u00e4\u00e4tymisvaaran vuoksi.<br>\nIrrota kamiinan alareunasta veden tyhjennystulppa, jotta vesi poistuu kaminasta.<br>\nLaske nokkapy\u00f6r\u00e4 alemmaksi sek\u00e4 ruuvaa tukitangot (5kpl) takaisin kuljetus asentoon.            <\/div>\n        <\/div>\n                <div class=\"elementskit-single-faq elementor-repeater-item-4e2a616\">\n            <div class=\"elementskit-faq-header\">\n                <h2 class=\"elementskit-faq-title\">PALJUN PUHDISTUS<\/h2>\n            <\/div>\n            <div class=\"elementskit-faq-body\">\n                Poista verkkovirta kaapeli paljun pistokkeesta.<br>\nPaljun sis\u00e4puoli tulee pest\u00e4 ja huuhdella k\u00e4yt\u00f6n j\u00e4lkeen ennen palautusta.<br>\nPaljua voi pest\u00e4 esim. fairy vedell\u00e4 sek\u00e4 pesusienell\u00e4, pesuun ei saa k\u00e4ytt\u00e4\u00e4 mit\u00e4\u00e4n kovaa tai karkeapintaista materiaalia, \u00e4l\u00e4 yrit\u00e4 irrottaa likaa ter\u00e4vill\u00e4, hankaavilla\/hiovilla esineill\u00e4.<br>\nK\u00e4yt\u00f6n j\u00e4lkeen tulee kamina puhdistaa ja hiilet poistaa, savupiippu tulee my\u00f6s puhdistaa ja kiinnitt\u00e4\u00e4 sille varattuun kuljetus paikkaan.<br>\nKiinnit\u00e4 l\u00e4mp\u00f6kansi paikoilleen kumilenkkien avulla.            <\/div>\n        <\/div>\n                <div class=\"elementskit-single-faq elementor-repeater-item-0fd3cbd\">\n            <div class=\"elementskit-faq-header\">\n                <h2 class=\"elementskit-faq-title\">K\u00c4YT\u00d6SS\u00c4 HUOMIOTAVAA\/VAARA!<\/h2>\n            <\/div>\n            <div class=\"elementskit-faq-body\">\n                Luukun pit\u00e4minen auki puiden lis\u00e4\u00e4misen j\u00e4lkeen saattaa aiheuttaa tulipalon.<br>\nKylpytynnyrin kaminaan ei saa sytytt\u00e4\u00e4 tulta ennen, kun tynnyri on t\u00e4ytetty vedell\u00e4.<br>\nSytytysnesteen ja muiden syttyvien nesteiden\/materiaalien k\u00e4ytt\u00f6 on ehdottomasti kielletty ja saattaa aiheuttaa hengenvaara tai vakavan vamman.<br>\nEsineiden asettaminen kamiinan p\u00e4\u00e4lle on kielletty. Palovaara!<br>\n\u00c4l\u00e4 koskaan j\u00e4t\u00e4 lapsia kylpytynnyriin tai sen luo ilman aikuisen valvontaa. Hukkumisvaara!<br>\nKamina ja savupiippu ovat k\u00e4yt\u00f6n aikana kuumia! \u00c4l\u00e4 ikin\u00e4 kosketa niit\u00e4 paljain k\u00e4sin!<br>\nM\u00e4r\u00e4t pinnat voivat olla liukkaita. Kaatumisvaara!            <\/div>\n        <\/div>\n                <div class=\"elementskit-single-faq elementor-repeater-item-484fe21\">\n            <div class=\"elementskit-faq-header\">\n                <h2 class=\"elementskit-faq-title\">LIS\u00c4PALVELUT<\/h2>\n            <\/div>\n            <div class=\"elementskit-faq-body\">\n                Halutessanne voimme my\u00f6s tuoda ja noutaa paljun ilmoittamaanne osoitteeseen, t\u00e4st\u00e4 tulee aina sopia erikseen.<br>\nKuljetus maksaa 1\u20ac\/km aina 50 km asti.<br>\nHintaan sis\u00e4ltyy paljun tuonti ja nouto. Mik\u00e4li kyseess\u00e4 on pidempi matka, voitte tiedustella asiasta kassunpalju@gmail.com            <\/div>\n        <\/div>\n                <div class=\"elementskit-single-faq elementor-repeater-item-cd35791\">\n            <div class=\"elementskit-faq-header\">\n                <h2 class=\"elementskit-faq-title\">ASIAKKKAAN VASTUU<\/h2>\n            <\/div>\n            <div class=\"elementskit-faq-body\">\n                Asiakas on vastuussa paljulle sek\u00e4 per\u00e4vaunulle aiheuttamistaan normaalista kulumista poikkeavista vaurioista paljuyhdistelm\u00e4n korvausarvoon 7000\u20ac saakka.<br>\nPaljuk\u00e4rryll\u00e4 on kaskovakuutus onnettomuuden sattuessa. Vauriotapauksessa asiakas sitoutuu korvaamaan mahdolliset korjaukset.            <\/div>\n        <\/div>\n                <div class=\"elementskit-single-faq elementor-repeater-item-7a14cff\">\n            <div class=\"elementskit-faq-header\">\n                <h2 class=\"elementskit-faq-title\">VASTUU\/KORVAUSVELVOLLISUUS<\/h2>\n            <\/div>\n            <div class=\"elementskit-faq-body\">\n                Paljunvuokraus alkaa, kun asiakas noutaa k\u00e4rryn sek\u00e4 p\u00e4\u00e4ttyy kuin asiakas on palauttanut k\u00e4rryn.<br>\nAsiakkaan t\u00e4ytyy olla v\u00e4hint\u00e4\u00e4n 18-vuotias.<br>\nVuokralainen on vastuussa paljuk\u00e4rryst\u00e4 vuokrauksen aikana.<br>\nVuokralainen ei saa luovuttaa paljuk\u00e4rry\u00e4 kolmannelle osapuolelle.<br>\nPaljun k\u00e4ytt\u00f6 tapahtuu aina vuokraajan omalla vastuulla. Vuokralle ottaja on velvollinen k\u00e4sittelem\u00e4\u00e4n vuokraamiaan v\u00e4lineit\u00e4 ohjeiden mukaisesti sek\u00e4 huolellisesti ja siten, ett\u00e4 ne eiv\u00e4t vahingoitu tai katoa.<br>\nVuokralle ottaja on velvollinen korvaamaan vuokrav\u00e4lineiden katoamista tai vahingoittumisesta aiheutuneen vahingon niiden k\u00e4yv\u00e4n arvon mukaisesti.<br>\nPalju tulee siivota k\u00e4yt\u00f6n j\u00e4lkeen huolellisesti kotitalouden pesuaineella esim. Fairy vedell\u00e4. Pesun j\u00e4lkeen palju pit\u00e4\u00e4 huuhdella.<br>\nMik\u00e4li paljussa on oksennusta yms., on vuokranantajalla oikeus peri\u00e4 100\u20ac siivousmaksu.            <\/div>\n        <\/div>\n                <div class=\"elementskit-single-faq elementor-repeater-item-cac36ab\">\n            <div class=\"elementskit-faq-header\">\n                <h2 class=\"elementskit-faq-title\">ILMOITUSVELVOLLISUUS<\/h2>\n            <\/div>\n            <div class=\"elementskit-faq-body\">\n                Vuokralle ottaja on velvollinen viipym\u00e4tt\u00e4 ilmoittamaan vuokranantajalle v\u00e4lineiden katoamisesta, v\u00e4lineille aiheutuneista vahingoista tai v\u00e4lineiss\u00e4 ilmenevist\u00e4 vioista.            <\/div>\n        <\/div>\n                <div class=\"elementskit-single-faq elementor-repeater-item-c1a55ec\">\n            <div class=\"elementskit-faq-header\">\n                <h2 class=\"elementskit-faq-title\">PERUUTUSEHDOT<\/h2>\n            <\/div>\n            <div class=\"elementskit-faq-body\">\n                Peruutus tulee tehd\u00e4 viimeist\u00e4\u00e4n 24 h ennen paljuvuokrauksen alkamista, sen j\u00e4lkeisist\u00e4 peruutuksista perit\u00e4\u00e4n koko vuokrahinta.            <\/div>\n        <\/div>\n                \n    <\/div>\t\t\t\t<\/div>\n\t\t\t\t<\/div>\n\t\t\t\t\t<\/div>\n\t\t<\/div>\n\t\t\t\t\t<\/div>\n\t\t<\/section>\n\t\t\t\t\t<\/div>\n\t\t<\/div>\n\t\t\t\t<div class=\"elementor-column elementor-col-33 elementor-top-column elementor-element elementor-element-1044328b\" data-id=\"1044328b\" data-element_type=\"column\" data-e-type=\"column\">\n\t\t\t<div class=\"elementor-widget-wrap\">\n\t\t\t\t\t\t\t<\/div>\n\t\t<\/div>\n\t\t\t\t\t<\/div>\n\t\t<\/section>\n\t\t\t\t<\/div>\n\t\t","protected":false},"excerpt":{"rendered":"<p>PALJUK\u00c4RRYN VUOKRAUS- JA K\u00c4YTT\u00d6OHJEET Lue n\u00e4m\u00e4 huolella! YLEIST\u00c4 &#8211; Paljuun mahtuu yht\u00e4aikaisesti 8\u201310 henkil\u00f6\u00e4 &#8211; Paljussa on poretoiminto, LED valot sek\u00e4 l\u00e4mp\u00f6kansi &#8211; Paljuun mahtuu noin 1600 litraa vett\u00e4 &#8211; Veden l\u00e4mmitysaika on noin 2\u20134 h riippuen l\u00e4mmityspuista ja ilmanl\u00e4mp\u00f6tilasta MIT\u00c4 SIN\u00c4 TARVITSET &#8211; Paljuk\u00e4rryn vet\u00e4minen autolla vaatii B ajokortin &#8211; L\u00e4mmityspuita &#8211; Vett\u00e4 sek\u00e4&#8230;<\/p>\n","protected":false},"author":1,"featured_media":0,"parent":0,"menu_order":0,"comment_status":"closed","ping_status":"closed","template":"","meta":{"om_disable_all_campaigns":false,"_monsterinsights_skip_tracking":false,"_monsterinsights_sitenote_active":false,"_monsterinsights_sitenote_note":"","_monsterinsights_sitenote_category":0,"_kad_post_transparent":"","_kad_post_title":"hide","_kad_post_layout":"fullwidth","_kad_post_sidebar_id":"","_kad_post_content_style":"unboxed","_kad_post_vertical_padding":"hide","_kad_post_feature":"hide","_kad_post_feature_position":"","_kad_post_header":false,"_kad_post_footer":false,"_kad_post_classname":"","footnotes":""},"class_list":["post-85","page","type-page","status-publish","hentry"],"_links":{"self":[{"href":"https:\/\/kassunpalju.fi\/index.php?rest_route=\/wp\/v2\/pages\/85","targetHints":{"allow":["GET"]}}],"collection":[{"href":"https:\/\/kassunpalju.fi\/index.php?rest_route=\/wp\/v2\/pages"}],"about":[{"href":"https:\/\/kassunpalju.fi\/index.php?rest_route=\/wp\/v2\/types\/page"}],"author":[{"embeddable":true,"href":"https:\/\/kassunpalju.fi\/index.php?rest_route=\/wp\/v2\/users\/1"}],"replies":[{"embeddable":true,"href":"https:\/\/kassunpalju.fi\/index.php?rest_route=%2Fwp%2Fv2%2Fcomments&post=85"}],"version-history":[{"count":16,"href":"https:\/\/kassunpalju.fi\/index.php?rest_route=\/wp\/v2\/pages\/85\/revisions"}],"predecessor-version":[{"id":253,"href":"https:\/\/kassunpalju.fi\/index.php?rest_route=\/wp\/v2\/pages\/85\/revisions\/253"}],"wp:attachment":[{"href":"https:\/\/kassunpalju.fi\/index.php?rest_route=%2Fwp%2Fv2%2Fmedia&parent=85"}],"curies":[{"name":"wp","href":"https:\/\/api.w.org\/{rel}","templated":true}]}}